{"id":7988,"date":"2024-11-19T10:23:41","date_gmt":"2024-11-19T09:23:41","guid":{"rendered":"https:\/\/cicloturismo.serinza.com\/que-es-castello-cycling\/"},"modified":"2024-11-30T21:35:47","modified_gmt":"2024-11-30T21:35:47","slug":"que-es-castello-cycling","status":"publish","type":"page","link":"https:\/\/castelloncycling.com\/ca\/professionals\/que-es-castello-cycling\/","title":{"rendered":"Qu\u00e8 \u00e9s Castell\u00f3 Cycling?"},"content":{"rendered":"\t\t<div data-elementor-type=\"wp-page\" data-elementor-id=\"7988\" class=\"elementor elementor-7988 elementor-5150\" data-elementor-post-type=\"page\">\n\t\t\t\t<div class=\"elementor-element elementor-element-4a691a4 e-flex e-con-boxed e-con e-parent\" data-id=\"4a691a4\" data-element_type=\"container\">\n\t\t\t\t\t<div class=\"e-con-inner\">\n\t\t\t\t<div class=\"elementor-element elementor-element-ac7903a elementor-widget elementor-widget-heading\" data-id=\"ac7903a\" data-element_type=\"widget\" data-widget_type=\"heading.default\">\n\t\t\t\t<div class=\"elementor-widget-container\">\n\t\t\t<h1 class=\"elementor-heading-title elementor-size-default\">Qu\u00e8 \u00e9s Castell\u00f3 Cycling?<\/h1>\t\t<\/div>\n\t\t\t\t<\/div>\n\t\t\t\t\t<\/div>\n\t\t\t\t<\/div>\n\t\t<div class=\"elementor-element elementor-element-468b72eb e-con-full e-flex e-con e-parent\" data-id=\"468b72eb\" data-element_type=\"container\">\n\t\t\t\t<div class=\"elementor-element elementor-element-8d318a elementor-widget__width-initial elementor-widget elementor-widget-text-editor\" data-id=\"8d318a\" data-element_type=\"widget\" data-widget_type=\"text-editor.default\">\n\t\t\t\t<div class=\"elementor-widget-container\">\n\t\t\t\t\t\t\t<p>Castell\u00f3 Cycling \u00e9s una iniciativa de la Diputaci\u00f3 de Castell\u00f3 que t\u00e9 com a objectiu posicionar la prov\u00edncia com una destinaci\u00f3 destacada per al ciclisme, oferint una \u00e0mplia xarxa de rutes i serveis especialitzats. Amb un enfocament a la diversitat de paisatges i una infraestructura pensada per al gaudi i la seguretat dels ciclistes, Castell\u00f3 es presenta com un lloc ideal tant per a aficionats com per a professionals. Les rutes, que travessen des de la costa mediterr\u00e0nia fins a les muntanyes de l&#8217;interior, cobreixen totes les modalitats de ciclisme: carretera, muntanya i grava, adaptant-se a tots els nivells.<\/p>\n<p>Gr\u00e0cies al clima mediterrani i la variada geografia, Castell\u00f3 s&#8217;ha convertit en un referent per a ciclistes d&#8217;elit de tot el m\u00f3n. Durant anys, equips professionals han triat la prov\u00edncia com a base per als seus entrenaments, atrets per la qualitat de les rutes i la infraestructura especialitzada. Castell\u00f3 Cycling t\u00e9 com a missi\u00f3 promoure el turisme actiu i esportiu a la prov\u00edncia, destacant les seves rutes ciclistes i recolzant el desenvolupament del cicloturisme com a motor econ\u00f2mic i cultural. A trav\u00e9s d&#8217;aquesta eina, un club de producte, el Patronat Provincial de Turisme de Castell\u00f3 connecta els diferents agents involucrats en l&#8217;activitat cicloturista de la prov\u00edncia per posicionar-se al mercat mitjan\u00e7ant una estructura de governan\u00e7a col\u00b7laborativa i participativa.<\/p>\n<h2>Reglament d&#8217;\u00fas<\/h2>\n<p><a href=\"#\" target=\"_blank\" rel=\"noopener noreferrer\">Podeu consultar aqu\u00ed el Reglament d&#8217;\u00das de l&#8217;Element Diferenciador &#8220;Castell\u00f3 Cycling&#8221;.<\/a><\/p>\n<p>Aquest Reglament t\u00e9 per objecte establir i determinar les condicions que regiran l&#8217;\u00fas de l&#8217;element diferenciador &#8220;Castell\u00f3 Cycling&#8221;, i els requisits que hauran de complir les persones f\u00edsiques o jur\u00eddiques que vulguin utilitzar-lo i els productes per als quals es concedeixi aquesta autoritzaci\u00f3, amb el objecte de facilitar-ne la identificaci\u00f3 i diferenciaci\u00f3.<\/p>\n<h2 style=\"font-style: normal; color: #444444;\">Quins s\u00f3n els objectius de Castell\u00f3 Cycling?<\/h2>\n<p style=\"font-style: normal; font-weight: 300;\">Castell\u00f3 Cycling forma part d&#8217;una estrat\u00e8gia impulsada per la Diputaci\u00f3 de Castell\u00f3 per promoure el ciclisme com a eina clau per al creixement social, econ\u00f2mic i cultural de la prov\u00edncia a trav\u00e9s d&#8217;accions que donin valor a les nostres singularitats en un m\u00f3n cada cop m\u00e9s globalitzat. Castell\u00f3 mereix per dret propi, per la seva infraestructura, les seves rutes i l&#8217;entorn natural amb qu\u00e8 compta, estar al panorama nacional i internacional i que se&#8217;l reconegui.<\/p>\n<p>Castell\u00f3 Cycling t\u00e9 com a objectiu visibilitzar les empreses, els agents i les destinacions ciclistes de la prov\u00edncia, aix\u00ed com les rutes que la travessen, per facilitar l&#8217;acc\u00e9s a un turisme esportiu. Aquesta iniciativa cerca apropar i fer identificables els espais i serveis vinculats al ciclisme a Castell\u00f3. D\u00b4aquesta manera, es promou un turisme actiu i sostenible, destacant la riquesa ciclotur\u00edstica de la regi\u00f3. Castell\u00f3 Cycling vol incorporar totes les iniciatives que vulguin continuar creixent en base a est\u00e0ndards de qualitat, recolzant-se en una marca que ens identifiqui amb el territori. Una marca que serveixi per facilitar el desenvolupament rural, econ\u00f2mic i la sostenibilitat.<\/p>\n\t\t\t\t\t\t<\/div>\n\t\t\t\t<\/div>\n\t\t\t\t<\/div>\n\t\t\t\t<\/div>\n\t\t","protected":false},"excerpt":{"rendered":"<p>Qu\u00e8 \u00e9s Castell\u00f3 Cycling? Castell\u00f3 Cycling \u00e9s una iniciativa de la Diputaci\u00f3 de Castell\u00f3 que t\u00e9 com a objectiu posicionar [&hellip;]<\/p>\n","protected":false},"author":3,"featured_media":0,"parent":8133,"menu_order":0,"comment_status":"closed","ping_status":"closed","template":"elementor_header_footer","meta":{"_acf_changed":false,"site-sidebar-layout":"default","site-content-layout":"","ast-site-content-layout":"","site-content-style":"default","site-sidebar-style":"default","ast-global-header-display":"","ast-banner-title-visibility":"","ast-main-header-display":"","ast-hfb-above-header-display":"","ast-hfb-below-header-display":"","ast-hfb-mobile-header-display":"","site-post-title":"","ast-breadcrumbs-content":"","ast-featured-img":"","footer-sml-layout":"","theme-transparent-header-meta":"","adv-header-id-meta":"","stick-header-meta":"","header-above-stick-meta":"","header-main-stick-meta":"","header-below-stick-meta":"","astra-migrate-meta-layouts":"default","ast-page-background-enabled":"default","ast-page-background-meta":{"desktop":{"background-color":"var(--ast-global-color-4)","background-image":"","background-repeat":"repeat","background-position":"center center","background-size":"auto","background-attachment":"scroll","background-type":"","background-media":"","overlay-type":"","overlay-color":"","overlay-opacity":"","overlay-gradient":""},"tablet":{"background-color":"","background-image":"","background-repeat":"repeat","background-position":"center center","background-size":"auto","background-attachment":"scroll","background-type":"","background-media":"","overlay-type":"","overlay-color":"","overlay-opacity":"","overlay-gradient":""},"mobile":{"background-color":"","background-image":"","background-repeat":"repeat","background-position":"center center","background-size":"auto","background-attachment":"scroll","background-type":"","background-media":"","overlay-type":"","overlay-color":"","overlay-opacity":"","overlay-gradient":""}},"ast-content-background-meta":{"desktop":{"background-color":"var(--ast-global-color-5)","background-image":"","background-repeat":"repeat","background-position":"center center","background-size":"auto","background-attachment":"scroll","background-type":"","background-media":"","overlay-type":"","overlay-color":"","overlay-opacity":"","overlay-gradient":""},"tablet":{"background-color":"var(--ast-global-color-5)","background-image":"","background-repeat":"repeat","background-position":"center center","background-size":"auto","background-attachment":"scroll","background-type":"","background-media":"","overlay-type":"","overlay-color":"","overlay-opacity":"","overlay-gradient":""},"mobile":{"background-color":"var(--ast-global-color-5)","background-image":"","background-repeat":"repeat","background-position":"center center","background-size":"auto","background-attachment":"scroll","background-type":"","background-media":"","overlay-type":"","overlay-color":"","overlay-opacity":"","overlay-gradient":""}},"footnotes":""},"class_list":["post-7988","page","type-page","status-publish","hentry"],"acf":[],"yoast_head":"<!-- This site is optimized with the Yoast SEO plugin v26.9 - https:\/\/yoast.com\/product\/yoast-seo-wordpress\/ -->\n<title>Qu\u00e8 \u00e9s Castell\u00f3 Cycling? - Cicloturismo Castell\u00f3n<\/title>\n<meta name=\"description\" content=\"Castell\u00f3 Cycling \u00e9s una iniciativa de la Diputaci\u00f3 de Castell\u00f3 l&#039;objectiu de la qual \u00e9s posicionar la prov\u00edncia com una destinaci\u00f3 destacada per a...\" \/>\n<meta name=\"robots\" content=\"index, follow, max-snippet:-1, max-image-preview:large, max-video-preview:-1\" \/>\n<link rel=\"canonical\" href=\"https:\/\/castelloncycling.com\/ca\/professionals\/que-es-castello-cycling\/\" \/>\n<meta property=\"og:locale\" content=\"ca_ES\" \/>\n<meta property=\"og:type\" content=\"article\" \/>\n<meta property=\"og:title\" content=\"Qu\u00e8 \u00e9s Castell\u00f3 Cycling? - Cicloturismo Castell\u00f3n\" \/>\n<meta property=\"og:description\" content=\"Castell\u00f3 Cycling \u00e9s una iniciativa de la Diputaci\u00f3 de Castell\u00f3 l&#039;objectiu de la qual \u00e9s posicionar la prov\u00edncia com una destinaci\u00f3 destacada per a...\" \/>\n<meta property=\"og:url\" content=\"https:\/\/castelloncycling.com\/ca\/professionals\/que-es-castello-cycling\/\" \/>\n<meta property=\"og:site_name\" content=\"Cicloturismo Castell\u00f3n\" \/>\n<meta property=\"article:publisher\" content=\"https:\/\/www.facebook.com\/turismodecastellon\" \/>\n<meta property=\"article:modified_time\" content=\"2024-11-30T21:35:47+00:00\" \/>\n<meta name=\"twitter:card\" content=\"summary_large_image\" \/>\n<meta name=\"twitter:site\" content=\"@turcastellon\" \/>\n<meta name=\"twitter:label1\" content=\"Temps estimat de lectura\" \/>\n\t<meta name=\"twitter:data1\" content=\"3 minuts\" \/>\n<script type=\"application\/ld+json\" class=\"yoast-schema-graph\">{\"@context\":\"https:\/\/schema.org\",\"@graph\":[{\"@type\":\"WebPage\",\"@id\":\"https:\/\/castelloncycling.com\/ca\/professionals\/que-es-castello-cycling\/\",\"url\":\"https:\/\/castelloncycling.com\/ca\/professionals\/que-es-castello-cycling\/\",\"name\":\"Qu\u00e8 \u00e9s Castell\u00f3 Cycling? - Cicloturismo Castell\u00f3n\",\"isPartOf\":{\"@id\":\"https:\/\/castelloncycling.com\/ca\/#website\"},\"datePublished\":\"2024-11-19T09:23:41+00:00\",\"dateModified\":\"2024-11-30T21:35:47+00:00\",\"description\":\"Castell\u00f3 Cycling \u00e9s una iniciativa de la Diputaci\u00f3 de Castell\u00f3 l'objectiu de la qual \u00e9s posicionar la prov\u00edncia com una destinaci\u00f3 destacada per a...\",\"breadcrumb\":{\"@id\":\"https:\/\/castelloncycling.com\/ca\/professionals\/que-es-castello-cycling\/#breadcrumb\"},\"inLanguage\":\"ca\",\"potentialAction\":[{\"@type\":\"ReadAction\",\"target\":[\"https:\/\/castelloncycling.com\/ca\/professionals\/que-es-castello-cycling\/\"]}]},{\"@type\":\"BreadcrumbList\",\"@id\":\"https:\/\/castelloncycling.com\/ca\/professionals\/que-es-castello-cycling\/#breadcrumb\",\"itemListElement\":[{\"@type\":\"ListItem\",\"position\":1,\"name\":\"Inicio\",\"item\":\"https:\/\/castelloncycling.com\/ca\/inici\/\"},{\"@type\":\"ListItem\",\"position\":2,\"name\":\"Professionals\",\"item\":\"https:\/\/castelloncycling.com\/ca\/profesionales\/\"},{\"@type\":\"ListItem\",\"position\":3,\"name\":\"Qu\u00e8 \u00e9s Castell\u00f3 Cycling?\"}]},{\"@type\":\"WebSite\",\"@id\":\"https:\/\/castelloncycling.com\/ca\/#website\",\"url\":\"https:\/\/castelloncycling.com\/ca\/\",\"name\":\"Cicloturismo Castell\u00f3n\",\"description\":\"\",\"publisher\":{\"@id\":\"https:\/\/castelloncycling.com\/ca\/#organization\"},\"potentialAction\":[{\"@type\":\"SearchAction\",\"target\":{\"@type\":\"EntryPoint\",\"urlTemplate\":\"https:\/\/castelloncycling.com\/ca\/?s={search_term_string}\"},\"query-input\":{\"@type\":\"PropertyValueSpecification\",\"valueRequired\":true,\"valueName\":\"search_term_string\"}}],\"inLanguage\":\"ca\"},{\"@type\":\"Organization\",\"@id\":\"https:\/\/castelloncycling.com\/ca\/#organization\",\"name\":\"Cicloturismo Castell\u00f3n\",\"url\":\"https:\/\/castelloncycling.com\/ca\/\",\"logo\":{\"@type\":\"ImageObject\",\"inLanguage\":\"ca\",\"@id\":\"https:\/\/castelloncycling.com\/ca\/#\/schema\/logo\/image\/\",\"url\":\"https:\/\/castelloncycling.com\/wp-content\/uploads\/2025\/02\/Logo-Diputacion-y-Castellon-Cycling-scaled.png\",\"contentUrl\":\"https:\/\/castelloncycling.com\/wp-content\/uploads\/2025\/02\/Logo-Diputacion-y-Castellon-Cycling-scaled.png\",\"width\":2560,\"height\":285,\"caption\":\"Cicloturismo Castell\u00f3n\"},\"image\":{\"@id\":\"https:\/\/castelloncycling.com\/ca\/#\/schema\/logo\/image\/\"},\"sameAs\":[\"https:\/\/www.facebook.com\/turismodecastellon\",\"https:\/\/x.com\/turcastellon\",\"https:\/\/www.flickr.com\/photos\/turismodecastellon\",\"https:\/\/www.youtube.com\/user\/turismodecastellon\",\"https:\/\/www.instagram.com\/turismodecastellon\/\"]}]}<\/script>\n<!-- \/ Yoast SEO plugin. -->","yoast_head_json":{"title":"Qu\u00e8 \u00e9s Castell\u00f3 Cycling? - Cicloturismo Castell\u00f3n","description":"Castell\u00f3 Cycling \u00e9s una iniciativa de la Diputaci\u00f3 de Castell\u00f3 l'objectiu de la qual \u00e9s posicionar la prov\u00edncia com una destinaci\u00f3 destacada per a...","robots":{"index":"index","follow":"follow","max-snippet":"max-snippet:-1","max-image-preview":"max-image-preview:large","max-video-preview":"max-video-preview:-1"},"canonical":"https:\/\/castelloncycling.com\/ca\/professionals\/que-es-castello-cycling\/","og_locale":"ca_ES","og_type":"article","og_title":"Qu\u00e8 \u00e9s Castell\u00f3 Cycling? - Cicloturismo Castell\u00f3n","og_description":"Castell\u00f3 Cycling \u00e9s una iniciativa de la Diputaci\u00f3 de Castell\u00f3 l'objectiu de la qual \u00e9s posicionar la prov\u00edncia com una destinaci\u00f3 destacada per a...","og_url":"https:\/\/castelloncycling.com\/ca\/professionals\/que-es-castello-cycling\/","og_site_name":"Cicloturismo Castell\u00f3n","article_publisher":"https:\/\/www.facebook.com\/turismodecastellon","article_modified_time":"2024-11-30T21:35:47+00:00","twitter_card":"summary_large_image","twitter_site":"@turcastellon","twitter_misc":{"Temps estimat de lectura":"3 minuts"},"schema":{"@context":"https:\/\/schema.org","@graph":[{"@type":"WebPage","@id":"https:\/\/castelloncycling.com\/ca\/professionals\/que-es-castello-cycling\/","url":"https:\/\/castelloncycling.com\/ca\/professionals\/que-es-castello-cycling\/","name":"Qu\u00e8 \u00e9s Castell\u00f3 Cycling? - Cicloturismo Castell\u00f3n","isPartOf":{"@id":"https:\/\/castelloncycling.com\/ca\/#website"},"datePublished":"2024-11-19T09:23:41+00:00","dateModified":"2024-11-30T21:35:47+00:00","description":"Castell\u00f3 Cycling \u00e9s una iniciativa de la Diputaci\u00f3 de Castell\u00f3 l'objectiu de la qual \u00e9s posicionar la prov\u00edncia com una destinaci\u00f3 destacada per a...","breadcrumb":{"@id":"https:\/\/castelloncycling.com\/ca\/professionals\/que-es-castello-cycling\/#breadcrumb"},"inLanguage":"ca","potentialAction":[{"@type":"ReadAction","target":["https:\/\/castelloncycling.com\/ca\/professionals\/que-es-castello-cycling\/"]}]},{"@type":"BreadcrumbList","@id":"https:\/\/castelloncycling.com\/ca\/professionals\/que-es-castello-cycling\/#breadcrumb","itemListElement":[{"@type":"ListItem","position":1,"name":"Inicio","item":"https:\/\/castelloncycling.com\/ca\/inici\/"},{"@type":"ListItem","position":2,"name":"Professionals","item":"https:\/\/castelloncycling.com\/ca\/profesionales\/"},{"@type":"ListItem","position":3,"name":"Qu\u00e8 \u00e9s Castell\u00f3 Cycling?"}]},{"@type":"WebSite","@id":"https:\/\/castelloncycling.com\/ca\/#website","url":"https:\/\/castelloncycling.com\/ca\/","name":"Cicloturismo Castell\u00f3n","description":"","publisher":{"@id":"https:\/\/castelloncycling.com\/ca\/#organization"},"potentialAction":[{"@type":"SearchAction","target":{"@type":"EntryPoint","urlTemplate":"https:\/\/castelloncycling.com\/ca\/?s={search_term_string}"},"query-input":{"@type":"PropertyValueSpecification","valueRequired":true,"valueName":"search_term_string"}}],"inLanguage":"ca"},{"@type":"Organization","@id":"https:\/\/castelloncycling.com\/ca\/#organization","name":"Cicloturismo Castell\u00f3n","url":"https:\/\/castelloncycling.com\/ca\/","logo":{"@type":"ImageObject","inLanguage":"ca","@id":"https:\/\/castelloncycling.com\/ca\/#\/schema\/logo\/image\/","url":"https:\/\/castelloncycling.com\/wp-content\/uploads\/2025\/02\/Logo-Diputacion-y-Castellon-Cycling-scaled.png","contentUrl":"https:\/\/castelloncycling.com\/wp-content\/uploads\/2025\/02\/Logo-Diputacion-y-Castellon-Cycling-scaled.png","width":2560,"height":285,"caption":"Cicloturismo Castell\u00f3n"},"image":{"@id":"https:\/\/castelloncycling.com\/ca\/#\/schema\/logo\/image\/"},"sameAs":["https:\/\/www.facebook.com\/turismodecastellon","https:\/\/x.com\/turcastellon","https:\/\/www.flickr.com\/photos\/turismodecastellon","https:\/\/www.youtube.com\/user\/turismodecastellon","https:\/\/www.instagram.com\/turismodecastellon\/"]}]}},"_links":{"self":[{"href":"https:\/\/castelloncycling.com\/ca\/wp-json\/wp\/v2\/pages\/7988","targetHints":{"allow":["GET"]}}],"collection":[{"href":"https:\/\/castelloncycling.com\/ca\/wp-json\/wp\/v2\/pages"}],"about":[{"href":"https:\/\/castelloncycling.com\/ca\/wp-json\/wp\/v2\/types\/page"}],"author":[{"embeddable":true,"href":"https:\/\/castelloncycling.com\/ca\/wp-json\/wp\/v2\/users\/3"}],"replies":[{"embeddable":true,"href":"https:\/\/castelloncycling.com\/ca\/wp-json\/wp\/v2\/comments?post=7988"}],"version-history":[{"count":1,"href":"https:\/\/castelloncycling.com\/ca\/wp-json\/wp\/v2\/pages\/7988\/revisions"}],"predecessor-version":[{"id":7990,"href":"https:\/\/castelloncycling.com\/ca\/wp-json\/wp\/v2\/pages\/7988\/revisions\/7990"}],"up":[{"embeddable":true,"href":"https:\/\/castelloncycling.com\/ca\/wp-json\/wp\/v2\/pages\/8133"}],"wp:attachment":[{"href":"https:\/\/castelloncycling.com\/ca\/wp-json\/wp\/v2\/media?parent=7988"}],"curies":[{"name":"wp","href":"https:\/\/api.w.org\/{rel}","templated":true}]}}