{"id":9806,"date":"2024-12-06T00:50:53","date_gmt":"2024-12-06T00:50:53","guid":{"rendered":"https:\/\/cicloturismo.serinza.com\/site-map\/"},"modified":"2024-12-06T18:31:07","modified_gmt":"2024-12-06T18:31:07","slug":"site-map","status":"publish","type":"page","link":"https:\/\/castelloncycling.com\/en\/site-map\/","title":{"rendered":"Site Map"},"content":{"rendered":"\t\t<div data-elementor-type=\"wp-page\" data-elementor-id=\"9806\" class=\"elementor elementor-9806 elementor-9792\" data-elementor-post-type=\"page\">\n\t\t\t\t<div class=\"elementor-element elementor-element-4bc9258 e-flex e-con-boxed e-con e-parent\" data-id=\"4bc9258\" data-element_type=\"container\">\n\t\t\t\t\t<div class=\"e-con-inner\">\n\t\t\t\t<div class=\"elementor-element elementor-element-6240378 elementor-widget elementor-widget-breadcrumbs\" data-id=\"6240378\" data-element_type=\"widget\" data-widget_type=\"breadcrumbs.default\">\n\t\t\t\t<div class=\"elementor-widget-container\">\n\t\t\t<p id=\"breadcrumbs\"><span><span><a href=\"https:\/\/castelloncycling.com\/en\/home\/\">Inicio<\/a><\/span><\/span><\/p>\t\t<\/div>\n\t\t\t\t<\/div>\n\t\t\t\t\t<\/div>\n\t\t\t\t<\/div>\n\t\t<div class=\"elementor-element elementor-element-e5396bc e-flex e-con-boxed e-con e-parent\" data-id=\"e5396bc\" data-element_type=\"container\">\n\t\t\t\t\t<div class=\"e-con-inner\">\n\t\t\t\t<div class=\"elementor-element elementor-element-8f2ebbf elementor-widget elementor-widget-heading\" data-id=\"8f2ebbf\" data-element_type=\"widget\" data-widget_type=\"heading.default\">\n\t\t\t\t<div class=\"elementor-widget-container\">\n\t\t\t<h1 class=\"elementor-heading-title elementor-size-default\">Site Map<\/h1>\t\t<\/div>\n\t\t\t\t<\/div>\n\t\t\t\t\t<\/div>\n\t\t\t\t<\/div>\n\t\t<div class=\"elementor-element elementor-element-f389eb6 e-flex e-con-boxed e-con e-parent\" data-id=\"f389eb6\" data-element_type=\"container\">\n\t\t\t\t\t<div class=\"e-con-inner\">\n\t\t\t\t<div class=\"elementor-element elementor-element-cdfe5b9 elementor-widget elementor-widget-sitemap\" data-id=\"cdfe5b9\" data-element_type=\"widget\" data-widget_type=\"sitemap.default\">\n\t\t\t\t<div class=\"elementor-widget-container\">\n\t\t\t<div class=\"elementor-sitemap-wrap\"><div class=\"elementor-sitemap-section\"><h2 class=\"elementor-sitemap-title elementor-sitemap-page-title\">P\u00e1ginas<\/h2><ul class=\"elementor-sitemap-list elementor-sitemap-page-list\"><li class=\"elementor-sitemap-item elementor-sitemap-item-page page_item page-item-7987 menu-item\"><a href=\"https:\/\/castelloncycling.com\/en\/professionals\/what-is-castellon-cycling\/\" class=\"elementor-sitemap-item elementor-sitemap-item-page menu-link\">What is Castell\u00f3n Cycling?<\/a><\/li><li class=\"elementor-sitemap-item elementor-sitemap-item-page page_item page-item-9789 menu-item\"><a href=\"https:\/\/castelloncycling.com\/en\/cohesion-among-destinations\/\" class=\"elementor-sitemap-item elementor-sitemap-item-page menu-link\">Cohesion among Destinations<\/a><\/li><li class=\"elementor-sitemap-item elementor-sitemap-item-page page_item page-item-9283 menu-item\"><a href=\"https:\/\/castelloncycling.com\/en\/contact\/\" class=\"elementor-sitemap-item elementor-sitemap-item-page menu-link\">Contact<\/a><\/li><li class=\"elementor-sitemap-item elementor-sitemap-item-page page_item page-item-9288 menu-item\"><a href=\"https:\/\/castelloncycling.com\/en\/cookie-policy-eu\/\" class=\"elementor-sitemap-item elementor-sitemap-item-page menu-link\">Cookie Policy (EU)<\/a><\/li><li class=\"elementor-sitemap-item elementor-sitemap-item-page page_item page-item-9806 menu-item\"><a href=\"https:\/\/castelloncycling.com\/en\/site-map\/\" class=\"elementor-sitemap-item elementor-sitemap-item-page menu-link\">Site Map<\/a><\/li><li class=\"elementor-sitemap-item elementor-sitemap-item-page page_item page-item-9811 menu-item\"><a href=\"https:\/\/castelloncycling.com\/en\/accessibility-statement\/\" class=\"elementor-sitemap-item elementor-sitemap-item-page menu-link\">Accessibility statement<\/a><\/li><li class=\"elementor-sitemap-item elementor-sitemap-item-page page_item page-item-8079 menu-item\"><a href=\"https:\/\/castelloncycling.com\/en\/\" class=\"elementor-sitemap-item elementor-sitemap-item-page menu-link\">Home<\/a><\/li><li class=\"elementor-sitemap-item elementor-sitemap-item-page page_item page-item-8084 menu-item\"><a href=\"https:\/\/castelloncycling.com\/en\/companies\/\" class=\"elementor-sitemap-item elementor-sitemap-item-page menu-link\">Companies<\/a><\/li><li class=\"elementor-sitemap-item elementor-sitemap-item-page page_item page-item-8107 menu-item\"><a href=\"https:\/\/castelloncycling.com\/en\/cycling-routes\/\" class=\"elementor-sitemap-item elementor-sitemap-item-page menu-link\">Cycling routes<\/a><\/li><li class=\"elementor-sitemap-item elementor-sitemap-item-page page_item page-item-8111 menu-item\"><a href=\"https:\/\/castelloncycling.com\/en\/experiences\/\" class=\"elementor-sitemap-item elementor-sitemap-item-page menu-link\">Experiences<\/a><\/li><li class=\"elementor-sitemap-item elementor-sitemap-item-page page_item page-item-8117 menu-item\"><a href=\"https:\/\/castelloncycling.com\/en\/favorites\/\" class=\"elementor-sitemap-item elementor-sitemap-item-page menu-link\">Favorites<\/a><\/li><li class=\"elementor-sitemap-item elementor-sitemap-item-page page_item page-item-8122 menu-item\"><a href=\"https:\/\/castelloncycling.com\/en\/professionals\/join\/\" class=\"elementor-sitemap-item elementor-sitemap-item-page menu-link\">Join<\/a><\/li><li class=\"elementor-sitemap-item elementor-sitemap-item-page page_item page-item-8123 current_page_parent menu-item current-menu-parent\"><a href=\"https:\/\/castelloncycling.com\/en\/news\/\" class=\"elementor-sitemap-item elementor-sitemap-item-page menu-link\">News<\/a><\/li><li class=\"elementor-sitemap-item elementor-sitemap-item-page page_item page-item-8125 menu-item\"><a href=\"https:\/\/castelloncycling.com\/en\/professionals\/blog\/\" class=\"elementor-sitemap-item elementor-sitemap-item-page menu-link\">Blog<\/a><\/li><li class=\"elementor-sitemap-item elementor-sitemap-item-page page_item page-item-8131 menu-item\"><a href=\"https:\/\/castelloncycling.com\/en\/professionals\/\" class=\"elementor-sitemap-item elementor-sitemap-item-page menu-link\">Professionals<\/a><\/li><li class=\"elementor-sitemap-item elementor-sitemap-item-page page_item page-item-8141 menu-item\"><a href=\"https:\/\/castelloncycling.com\/en\/destinations\/\" class=\"elementor-sitemap-item elementor-sitemap-item-page menu-link\">Destinations<\/a><\/li><li class=\"elementor-sitemap-item elementor-sitemap-item-page page_item page-item-9709 menu-item\"><a href=\"https:\/\/castelloncycling.com\/en\/privacy-policy\/\" class=\"elementor-sitemap-item elementor-sitemap-item-page menu-link\">Privacy Policy<\/a><\/li><li class=\"elementor-sitemap-item elementor-sitemap-item-page page_item page-item-9715 menu-item\"><a href=\"https:\/\/castelloncycling.com\/en\/single-label\/\" class=\"elementor-sitemap-item elementor-sitemap-item-page menu-link\">Single label<\/a><\/li><li class=\"elementor-sitemap-item elementor-sitemap-item-page page_item page-item-9716 menu-item\"><a href=\"https:\/\/castelloncycling.com\/en\/search-home-page\/\" class=\"elementor-sitemap-item elementor-sitemap-item-page menu-link\">Search home page<\/a><\/li><li class=\"elementor-sitemap-item elementor-sitemap-item-page page_item page-item-9720 menu-item\"><a href=\"https:\/\/castelloncycling.com\/en\/search-results\/\" class=\"elementor-sitemap-item elementor-sitemap-item-page menu-link\">Search results<\/a><\/li><li class=\"elementor-sitemap-item elementor-sitemap-item-page page_item page-item-8191 menu-item\"><a href=\"https:\/\/castelloncycling.com\/en\/newsletter\/\" class=\"elementor-sitemap-item elementor-sitemap-item-page menu-link\">Newsletter<\/a><\/li><\/ul><\/div><\/div>\t\t<\/div>\n\t\t\t\t<\/div>\n\t\t\t\t\t<\/div>\n\t\t\t\t<\/div>\n\t\t\t\t<\/div>\n\t\t","protected":false},"excerpt":{"rendered":"<p>Site Map<\/p>\n","protected":false},"author":1,"featured_media":0,"parent":0,"menu_order":0,"comment_status":"closed","ping_status":"closed","template":"","meta":{"_acf_changed":false,"site-sidebar-layout":"no-sidebar","site-content-layout":"","ast-site-content-layout":"full-width-container","site-content-style":"default","site-sidebar-style":"default","ast-global-header-display":"","ast-banner-title-visibility":"","ast-main-header-display":"","ast-hfb-above-header-display":"","ast-hfb-below-header-display":"","ast-hfb-mobile-header-display":"","site-post-title":"disabled","ast-breadcrumbs-content":"","ast-featured-img":"disabled","footer-sml-layout":"","theme-transparent-header-meta":"","adv-header-id-meta":"","stick-header-meta":"","header-above-stick-meta":"","header-main-stick-meta":"","header-below-stick-meta":"","astra-migrate-meta-layouts":"default","ast-page-background-enabled":"default","ast-page-background-meta":{"desktop":{"background-color":"var(--ast-global-color-4)","background-image":"","background-repeat":"repeat","background-position":"center center","background-size":"auto","background-attachment":"scroll","background-type":"","background-media":"","overlay-type":"","overlay-color":"","overlay-opacity":"","overlay-gradient":""},"tablet":{"background-color":"","background-image":"","background-repeat":"repeat","background-position":"center center","background-size":"auto","background-attachment":"scroll","background-type":"","background-media":"","overlay-type":"","overlay-color":"","overlay-opacity":"","overlay-gradient":""},"mobile":{"background-color":"","background-image":"","background-repeat":"repeat","background-position":"center center","background-size":"auto","background-attachment":"scroll","background-type":"","background-media":"","overlay-type":"","overlay-color":"","overlay-opacity":"","overlay-gradient":""}},"ast-content-background-meta":{"desktop":{"background-color":"var(--ast-global-color-5)","background-image":"","background-repeat":"repeat","background-position":"center center","background-size":"auto","background-attachment":"scroll","background-type":"","background-media":"","overlay-type":"","overlay-color":"","overlay-opacity":"","overlay-gradient":""},"tablet":{"background-color":"var(--ast-global-color-5)","background-image":"","background-repeat":"repeat","background-position":"center center","background-size":"auto","background-attachment":"scroll","background-type":"","background-media":"","overlay-type":"","overlay-color":"","overlay-opacity":"","overlay-gradient":""},"mobile":{"background-color":"var(--ast-global-color-5)","background-image":"","background-repeat":"repeat","background-position":"center center","background-size":"auto","background-attachment":"scroll","background-type":"","background-media":"","overlay-type":"","overlay-color":"","overlay-opacity":"","overlay-gradient":""}},"footnotes":""},"class_list":["post-9806","page","type-page","status-publish","hentry"],"acf":[],"yoast_head":"<!-- This site is optimized with the Yoast SEO plugin v26.9 - https:\/\/yoast.com\/product\/yoast-seo-wordpress\/ -->\n<title>Site Map - Cicloturismo Castell\u00f3n<\/title>\n<meta name=\"description\" content=\"Site Map - Cicloturismo Castell\u00f3n - Castell\u00f3n se ha convertido en un referente para ciclistas de \u00e9lite de todo el mundo.\" \/>\n<meta name=\"robots\" content=\"index, follow, max-snippet:-1, max-image-preview:large, max-video-preview:-1\" \/>\n<link rel=\"canonical\" href=\"https:\/\/castelloncycling.com\/en\/site-map\/\" \/>\n<meta property=\"og:locale\" content=\"en_US\" \/>\n<meta property=\"og:type\" content=\"article\" \/>\n<meta property=\"og:title\" content=\"Site Map - Cicloturismo Castell\u00f3n\" \/>\n<meta property=\"og:description\" content=\"Site Map - Cicloturismo Castell\u00f3n - Castell\u00f3n se ha convertido en un referente para ciclistas de \u00e9lite de todo el mundo.\" \/>\n<meta property=\"og:url\" content=\"https:\/\/castelloncycling.com\/en\/site-map\/\" \/>\n<meta property=\"og:site_name\" content=\"Cicloturismo Castell\u00f3n\" \/>\n<meta property=\"article:publisher\" content=\"https:\/\/www.facebook.com\/turismodecastellon\" \/>\n<meta property=\"article:modified_time\" content=\"2024-12-06T18:31:07+00:00\" \/>\n<meta name=\"twitter:card\" content=\"summary_large_image\" \/>\n<meta name=\"twitter:site\" content=\"@turcastellon\" \/>\n<script type=\"application\/ld+json\" class=\"yoast-schema-graph\">{\"@context\":\"https:\/\/schema.org\",\"@graph\":[{\"@type\":\"WebPage\",\"@id\":\"https:\/\/castelloncycling.com\/en\/site-map\/\",\"url\":\"https:\/\/castelloncycling.com\/en\/site-map\/\",\"name\":\"Site Map - Cicloturismo Castell\u00f3n\",\"isPartOf\":{\"@id\":\"https:\/\/castelloncycling.com\/en\/#website\"},\"datePublished\":\"2024-12-06T00:50:53+00:00\",\"dateModified\":\"2024-12-06T18:31:07+00:00\",\"description\":\"Site Map - Cicloturismo Castell\u00f3n - Castell\u00f3n se ha convertido en un referente para ciclistas de \u00e9lite de todo el mundo.\",\"breadcrumb\":{\"@id\":\"https:\/\/castelloncycling.com\/en\/site-map\/#breadcrumb\"},\"inLanguage\":\"en-US\",\"potentialAction\":[{\"@type\":\"ReadAction\",\"target\":[\"https:\/\/castelloncycling.com\/en\/site-map\/\"]}]},{\"@type\":\"BreadcrumbList\",\"@id\":\"https:\/\/castelloncycling.com\/en\/site-map\/#breadcrumb\",\"itemListElement\":[{\"@type\":\"ListItem\",\"position\":1,\"name\":\"Inicio\",\"item\":\"https:\/\/castelloncycling.com\/en\/home\/\"},{\"@type\":\"ListItem\",\"position\":2,\"name\":\"Site Map\"}]},{\"@type\":\"WebSite\",\"@id\":\"https:\/\/castelloncycling.com\/en\/#website\",\"url\":\"https:\/\/castelloncycling.com\/en\/\",\"name\":\"Cicloturismo Castell\u00f3n\",\"description\":\"\",\"publisher\":{\"@id\":\"https:\/\/castelloncycling.com\/en\/#organization\"},\"potentialAction\":[{\"@type\":\"SearchAction\",\"target\":{\"@type\":\"EntryPoint\",\"urlTemplate\":\"https:\/\/castelloncycling.com\/en\/?s={search_term_string}\"},\"query-input\":{\"@type\":\"PropertyValueSpecification\",\"valueRequired\":true,\"valueName\":\"search_term_string\"}}],\"inLanguage\":\"en-US\"},{\"@type\":\"Organization\",\"@id\":\"https:\/\/castelloncycling.com\/en\/#organization\",\"name\":\"Cicloturismo Castell\u00f3n\",\"url\":\"https:\/\/castelloncycling.com\/en\/\",\"logo\":{\"@type\":\"ImageObject\",\"inLanguage\":\"en-US\",\"@id\":\"https:\/\/castelloncycling.com\/en\/#\/schema\/logo\/image\/\",\"url\":\"https:\/\/castelloncycling.com\/wp-content\/uploads\/2025\/02\/Logo-Diputacion-y-Castellon-Cycling-scaled.png\",\"contentUrl\":\"https:\/\/castelloncycling.com\/wp-content\/uploads\/2025\/02\/Logo-Diputacion-y-Castellon-Cycling-scaled.png\",\"width\":2560,\"height\":285,\"caption\":\"Cicloturismo Castell\u00f3n\"},\"image\":{\"@id\":\"https:\/\/castelloncycling.com\/en\/#\/schema\/logo\/image\/\"},\"sameAs\":[\"https:\/\/www.facebook.com\/turismodecastellon\",\"https:\/\/x.com\/turcastellon\",\"https:\/\/www.flickr.com\/photos\/turismodecastellon\",\"https:\/\/www.youtube.com\/user\/turismodecastellon\",\"https:\/\/www.instagram.com\/turismodecastellon\/\"]}]}<\/script>\n<!-- \/ Yoast SEO plugin. -->","yoast_head_json":{"title":"Site Map - Cicloturismo Castell\u00f3n","description":"Site Map - Cicloturismo Castell\u00f3n - Castell\u00f3n se ha convertido en un referente para ciclistas de \u00e9lite de todo el mundo.","robots":{"index":"index","follow":"follow","max-snippet":"max-snippet:-1","max-image-preview":"max-image-preview:large","max-video-preview":"max-video-preview:-1"},"canonical":"https:\/\/castelloncycling.com\/en\/site-map\/","og_locale":"en_US","og_type":"article","og_title":"Site Map - Cicloturismo Castell\u00f3n","og_description":"Site Map - Cicloturismo Castell\u00f3n - Castell\u00f3n se ha convertido en un referente para ciclistas de \u00e9lite de todo el mundo.","og_url":"https:\/\/castelloncycling.com\/en\/site-map\/","og_site_name":"Cicloturismo Castell\u00f3n","article_publisher":"https:\/\/www.facebook.com\/turismodecastellon","article_modified_time":"2024-12-06T18:31:07+00:00","twitter_card":"summary_large_image","twitter_site":"@turcastellon","schema":{"@context":"https:\/\/schema.org","@graph":[{"@type":"WebPage","@id":"https:\/\/castelloncycling.com\/en\/site-map\/","url":"https:\/\/castelloncycling.com\/en\/site-map\/","name":"Site Map - Cicloturismo Castell\u00f3n","isPartOf":{"@id":"https:\/\/castelloncycling.com\/en\/#website"},"datePublished":"2024-12-06T00:50:53+00:00","dateModified":"2024-12-06T18:31:07+00:00","description":"Site Map - Cicloturismo Castell\u00f3n - Castell\u00f3n se ha convertido en un referente para ciclistas de \u00e9lite de todo el mundo.","breadcrumb":{"@id":"https:\/\/castelloncycling.com\/en\/site-map\/#breadcrumb"},"inLanguage":"en-US","potentialAction":[{"@type":"ReadAction","target":["https:\/\/castelloncycling.com\/en\/site-map\/"]}]},{"@type":"BreadcrumbList","@id":"https:\/\/castelloncycling.com\/en\/site-map\/#breadcrumb","itemListElement":[{"@type":"ListItem","position":1,"name":"Inicio","item":"https:\/\/castelloncycling.com\/en\/home\/"},{"@type":"ListItem","position":2,"name":"Site Map"}]},{"@type":"WebSite","@id":"https:\/\/castelloncycling.com\/en\/#website","url":"https:\/\/castelloncycling.com\/en\/","name":"Cicloturismo Castell\u00f3n","description":"","publisher":{"@id":"https:\/\/castelloncycling.com\/en\/#organization"},"potentialAction":[{"@type":"SearchAction","target":{"@type":"EntryPoint","urlTemplate":"https:\/\/castelloncycling.com\/en\/?s={search_term_string}"},"query-input":{"@type":"PropertyValueSpecification","valueRequired":true,"valueName":"search_term_string"}}],"inLanguage":"en-US"},{"@type":"Organization","@id":"https:\/\/castelloncycling.com\/en\/#organization","name":"Cicloturismo Castell\u00f3n","url":"https:\/\/castelloncycling.com\/en\/","logo":{"@type":"ImageObject","inLanguage":"en-US","@id":"https:\/\/castelloncycling.com\/en\/#\/schema\/logo\/image\/","url":"https:\/\/castelloncycling.com\/wp-content\/uploads\/2025\/02\/Logo-Diputacion-y-Castellon-Cycling-scaled.png","contentUrl":"https:\/\/castelloncycling.com\/wp-content\/uploads\/2025\/02\/Logo-Diputacion-y-Castellon-Cycling-scaled.png","width":2560,"height":285,"caption":"Cicloturismo Castell\u00f3n"},"image":{"@id":"https:\/\/castelloncycling.com\/en\/#\/schema\/logo\/image\/"},"sameAs":["https:\/\/www.facebook.com\/turismodecastellon","https:\/\/x.com\/turcastellon","https:\/\/www.flickr.com\/photos\/turismodecastellon","https:\/\/www.youtube.com\/user\/turismodecastellon","https:\/\/www.instagram.com\/turismodecastellon\/"]}]}},"_links":{"self":[{"href":"https:\/\/castelloncycling.com\/en\/wp-json\/wp\/v2\/pages\/9806","targetHints":{"allow":["GET"]}}],"collection":[{"href":"https:\/\/castelloncycling.com\/en\/wp-json\/wp\/v2\/pages"}],"about":[{"href":"https:\/\/castelloncycling.com\/en\/wp-json\/wp\/v2\/types\/page"}],"author":[{"embeddable":true,"href":"https:\/\/castelloncycling.com\/en\/wp-json\/wp\/v2\/users\/1"}],"replies":[{"embeddable":true,"href":"https:\/\/castelloncycling.com\/en\/wp-json\/wp\/v2\/comments?post=9806"}],"version-history":[{"count":1,"href":"https:\/\/castelloncycling.com\/en\/wp-json\/wp\/v2\/pages\/9806\/revisions"}],"predecessor-version":[{"id":9807,"href":"https:\/\/castelloncycling.com\/en\/wp-json\/wp\/v2\/pages\/9806\/revisions\/9807"}],"wp:attachment":[{"href":"https:\/\/castelloncycling.com\/en\/wp-json\/wp\/v2\/media?parent=9806"}],"curies":[{"name":"wp","href":"https:\/\/api.w.org\/{rel}","templated":true}]}}